{"id":721,"date":"2023-09-27T00:51:04","date_gmt":"2023-09-27T00:51:04","guid":{"rendered":"https:\/\/www.fibope.pt\/eu_projectlist\/si_innovation_project_2018-2020\/"},"modified":"2023-10-03T20:16:14","modified_gmt":"2023-10-03T20:16:14","slug":"si_innovation_project_2018-2020","status":"publish","type":"page","link":"https:\/\/www.fibope.pt\/pt-pt\/eu-project-list\/si_innovation_project_2018-2020\/","title":{"rendered":"Project 2018-2020"},"content":{"rendered":"\n<div style=\"height:40px\" aria-hidden=\"true\" class=\"wp-block-spacer\"><\/div>\n\n\n<span class=\"prose block px-4 mb-4 wp-core-block-heading\">\n<h2 class=\"wp-block-heading has-primary-color has-text-color\" id=\"h-projecto-s-i-inovacao-inovacao-produtiva-2018-2020\"><strong>PROJECTO S. I. INOVA\u00c7\u00c3O \u2013 INOVA\u00c7\u00c3O PRODUTIVA (2018-2020)<\/strong><\/h2>\n<\/span>\n\n\n<div style=\"height:30px\" aria-hidden=\"true\" class=\"wp-block-spacer\"><\/div>\n\n\n<span class=\"prose block px-4 mb-4 wp-core-block-heading\">\n<h3 class=\"wp-block-heading\" id=\"h-co-financed-by\">Cofinanciado por:<\/h3>\n<\/span>\n\n\n<figure class=\"wp-block-image size-large\"><img loading=\"lazy\" decoding=\"async\" height=\"120\" width=\"1024\" src=\"https:\/\/www.fibope.pt\/wp-content\/uploads\/sites\/11\/2023\/09\/FinancedBy_3Logos.png?w=1024\" alt=\"FinancedBy_3Logos\" class=\"wp-image-516\" srcset=\"https:\/\/www.fibope.pt\/wp-content\/uploads\/sites\/11\/2023\/09\/FinancedBy_3Logos.png 2000w, https:\/\/www.fibope.pt\/wp-content\/uploads\/sites\/11\/2023\/09\/FinancedBy_3Logos.png?resize=300,35 300w, https:\/\/www.fibope.pt\/wp-content\/uploads\/sites\/11\/2023\/09\/FinancedBy_3Logos.png?resize=768,90 768w, https:\/\/www.fibope.pt\/wp-content\/uploads\/sites\/11\/2023\/09\/FinancedBy_3Logos.png?resize=1024,120 1024w, https:\/\/www.fibope.pt\/wp-content\/uploads\/sites\/11\/2023\/09\/FinancedBy_3Logos.png?resize=1536,180 1536w, https:\/\/www.fibope.pt\/wp-content\/uploads\/sites\/11\/2023\/09\/FinancedBy_3Logos.png?resize=600,70 600w\" sizes=\"auto, (max-width: 1024px) 100vw, 1024px\" \/><\/figure>\n\n\n\n<div style=\"height:30px\" aria-hidden=\"true\" class=\"wp-block-spacer\"><\/div>\n\n\n\n<div class=\"wp-block-columns is-layout-flex wp-container-core-columns-is-layout-9d6595d7 wp-block-columns-is-layout-flex\">\n<div class=\"wp-block-column is-layout-flow wp-block-column-is-layout-flow\" style=\"flex-basis:60%\"><span class=\"prose block px-4 mb-4 wp-core-block-paragraph\">\n<p>Designa\u00e7\u00e3o do projeto |\u00a0<strong>S. I. INOVA\u00c7\u00c3O &#8211; INOVA\u00c7\u00c3O PRODUTIVA<\/strong><br>C\u00f3digo do projeto |<strong>\u00a0POCI-01-0249-FEDER-033364<\/strong><br>Objetivo principal |\u00a0<strong>AUMENTO DA CAPACIDADE PRODUTIVA<\/strong><br>Regi\u00e3o de interven\u00e7\u00e3o |\u00a0<strong>BARQUEIROS \u2013 BARCELOS<\/strong><br>Entidade benefici\u00e1ria |\u00a0<strong>FIBOPE PORTUGUESA \u2013<br>FILMES BIORIENTADOS, S.A.<\/strong><br>Data de aprova\u00e7\u00e3o |\u00a0<strong>15-02-2018<\/strong><br>Data de in\u00edcio |<strong>\u00a015-02-2018<\/strong><br>Data de conclus\u00e3o |\u00a0<strong>14-02-2020<\/strong><br>Custo total eleg\u00edvel |\u00a0<strong>8.243.995,00 EUR<\/strong><br>Apoio financeiro da Uni\u00e3o Europeia |\u00a0<strong>FEDER \u2013 3.297.598,00 EUR<\/strong><br>Apoio financeiro p\u00fablico nacional\/regional |\u00a0<strong>N\u00c3O APLIC\u00c1VEL<\/strong><\/p>\n<\/span><\/div>\n\n\n\n<div class=\"wp-block-column is-layout-flow wp-block-column-is-layout-flow\" style=\"flex-basis:33.33%\">\n<figure class=\"wp-block-image size-large\"><img loading=\"lazy\" decoding=\"async\" width=\"470\" height=\"325\" src=\"https:\/\/www.fibope.pt\/wp-content\/uploads\/sites\/11\/2023\/10\/EU-2018-2020_PTChart.png?w=470\" alt=\"\" class=\"wp-image-709\" srcset=\"https:\/\/www.fibope.pt\/wp-content\/uploads\/sites\/11\/2023\/10\/EU-2018-2020_PTChart.png 470w, https:\/\/www.fibope.pt\/wp-content\/uploads\/sites\/11\/2023\/10\/EU-2018-2020_PTChart.png?resize=300,207 300w\" sizes=\"auto, (max-width: 470px) 100vw, 470px\" \/><figcaption class=\"wp-element-caption\">Objectives, activities and expected\/achieved results<br><\/figcaption><\/figure>\n<\/div>\n<\/div>\n\n\n\n<div style=\"height:30px\" aria-hidden=\"true\" class=\"wp-block-spacer\"><\/div>\n\n\n<span class=\"prose block px-4 mb-4 wp-core-block-paragraph\">\n<p><strong>S\u00cdNTESE DO PROJECTO:<\/strong><br>Face aos objetivos tra\u00e7ados a Fibope estruturou o projeto de Investimento agora candidato a SI \u2013 Inova\u00e7\u00e3o nas seguintes a\u00e7\u00f5es de desenvolvimento fazendo face principalmente aos pontos fracos e \u00e0s amea\u00e7as externas potenciando os seus pontos fortes e aproveitando as oportunidades ditadas pelo mercado.<br><br>O grande objetivo da empresa com este projeto \u00e9 poder ter capacidade produtiva para poder lan\u00e7ar 4 novos tipos de produtos que neste momento s\u00e3o novos para os mercados internacionais e que n\u00e3o s\u00e3o produzidos no mercado europeu.<br><br>Com este projeto vamos poder apresentar os seguintes objetivos:<\/p>\n<\/span>\n\n<span class=\"prose block px-4 mb-4 wp-core-block-list\">\n<ul class=\"wp-block-list\">\n<li>Aumento de 25% da capacidade produtiva (Aumento de 6.000 ton ano para 7.500 ton ano)<\/li>\n\n\n\n<li>Melhoria do \u00edndice VAB\/VBP em cerca de 5%<\/li>\n\n\n\n<li>Aumentar os postos de trabalho em 15 novos colaboradores dos quais 2 altamente qualificados.<\/li>\n\n\n\n<li>Aumentar o numero de pa\u00edses para onde exportamos em 5 pa\u00edses<\/li>\n\n\n\n<li>Duplicar a nossa capacidade de reciclagem em mais 200 ton ano<\/li>\n<\/ul>\n<\/span>\n\n\n<div style=\"height:30px\" aria-hidden=\"true\" class=\"wp-block-spacer\"><\/div>\n\n\n\n<div class=\"wp-block-group alignfull has-tertiary-background-color has-background is-layout-constrained wp-block-group-is-layout-constrained\">\n<div style=\"height:25px\" aria-hidden=\"true\" class=\"wp-block-spacer\"><\/div>\n\n\n\n<figure class=\"wp-block-image aligncenter size-large\"><img loading=\"lazy\" decoding=\"async\" width=\"892\" height=\"215\" src=\"https:\/\/www.fibope.pt\/wp-content\/uploads\/sites\/11\/2023\/09\/Compete2020_BottomImage.jpg?w=892\" alt=\"\" class=\"wp-image-523\" srcset=\"https:\/\/www.fibope.pt\/wp-content\/uploads\/sites\/11\/2023\/09\/Compete2020_BottomImage.jpg 892w, https:\/\/www.fibope.pt\/wp-content\/uploads\/sites\/11\/2023\/09\/Compete2020_BottomImage.jpg?resize=300,72 300w, https:\/\/www.fibope.pt\/wp-content\/uploads\/sites\/11\/2023\/09\/Compete2020_BottomImage.jpg?resize=768,185 768w, https:\/\/www.fibope.pt\/wp-content\/uploads\/sites\/11\/2023\/09\/Compete2020_BottomImage.jpg?resize=600,145 600w\" sizes=\"auto, (max-width: 892px) 100vw, 892px\" \/><\/figure>\n\n\n\n<div style=\"height:25px\" aria-hidden=\"true\" class=\"wp-block-spacer\"><\/div>\n<\/div>\n","protected":false},"excerpt":{"rendered":"<p>PROJECTO S. I. INOVA\u00c7\u00c3O \u2013 INOVA\u00c7\u00c3O PRODUTIVA (2018-2020) Cofinanciado por: Designa\u00e7\u00e3o do projeto |\u00a0S. I. INOVA\u00c7\u00c3O &#8211; INOVA\u00c7\u00c3O PRODUTIVAC\u00f3digo do projeto |\u00a0POCI-01-0249-FEDER-033364Objetivo principal |\u00a0AUMENTO DA CAPACIDADE PRODUTIVARegi\u00e3o de interven\u00e7\u00e3o |\u00a0BARQUEIROS \u2013 BARCELOSEntidade benefici\u00e1ria |\u00a0FIBOPE PORTUGUESA \u2013FILMES BIORIENTADOS, S.A.Data de aprova\u00e7\u00e3o |\u00a015-02-2018Data de in\u00edcio |\u00a015-02-2018Data de conclus\u00e3o |\u00a014-02-2020Custo total eleg\u00edvel |\u00a08.243.995,00 EURApoio financeiro da Uni\u00e3o Europeia<a class=\"excerpt-more-tag\" href=\"https:\/\/www.fibope.pt\/pt-pt\/eu-project-list\/si_innovation_project_2018-2020\/\">Read more&#8230;<\/a><\/p>\n","protected":false},"author":11,"featured_media":0,"parent":700,"menu_order":0,"comment_status":"closed","ping_status":"closed","template":"","meta":{"_acf_changed":false,"footnotes":""},"class_list":["post-721","page","type-page","status-publish","hentry"],"acf":[],"yoast_head":"<!-- This site is optimized with the Yoast SEO plugin v27.0 - https:\/\/yoast.com\/product\/yoast-seo-wordpress\/ -->\n<title>Project 2018-2020 - Fibope<\/title>\n<meta name=\"robots\" content=\"index, follow, max-snippet:-1, max-image-preview:large, max-video-preview:-1\" \/>\n<link rel=\"canonical\" href=\"https:\/\/www.fibope.pt\/pt-pt\/eu-project-list\/si_innovation_project_2018-2020\/\" \/>\n<meta property=\"og:locale\" content=\"pt_PT\" \/>\n<meta property=\"og:type\" content=\"article\" \/>\n<meta property=\"og:title\" content=\"Project 2018-2020 - Fibope\" \/>\n<meta property=\"og:description\" content=\"PROJECTO S. I. INOVA\u00c7\u00c3O \u2013 INOVA\u00c7\u00c3O PRODUTIVA (2018-2020) Cofinanciado por: Designa\u00e7\u00e3o do projeto |\u00a0S. I. INOVA\u00c7\u00c3O &#8211; INOVA\u00c7\u00c3O PRODUTIVAC\u00f3digo do projeto |\u00a0POCI-01-0249-FEDER-033364Objetivo principal |\u00a0AUMENTO DA CAPACIDADE PRODUTIVARegi\u00e3o de interven\u00e7\u00e3o |\u00a0BARQUEIROS \u2013 BARCELOSEntidade benefici\u00e1ria |\u00a0FIBOPE PORTUGUESA \u2013FILMES BIORIENTADOS, S.A.Data de aprova\u00e7\u00e3o |\u00a015-02-2018Data de in\u00edcio |\u00a015-02-2018Data de conclus\u00e3o |\u00a014-02-2020Custo total eleg\u00edvel |\u00a08.243.995,00 EURApoio financeiro da Uni\u00e3o EuropeiaRead more...\" \/>\n<meta property=\"og:url\" content=\"https:\/\/www.fibope.pt\/pt-pt\/eu-project-list\/si_innovation_project_2018-2020\/\" \/>\n<meta property=\"og:site_name\" content=\"Fibope\" \/>\n<meta property=\"article:modified_time\" content=\"2023-10-03T20:16:14+00:00\" \/>\n<meta property=\"og:image\" content=\"https:\/\/www.fibope.pt\/wp-content\/uploads\/sites\/11\/2023\/09\/FinancedBy_3Logos.png?w=1024\" \/>\n<meta name=\"twitter:card\" content=\"summary_large_image\" \/>\n<meta name=\"twitter:label1\" content=\"Est. reading time\" \/>\n\t<meta name=\"twitter:data1\" content=\"2 minutes\" \/>\n<script type=\"application\/ld+json\" class=\"yoast-schema-graph\">{\"@context\":\"https:\/\/schema.org\",\"@graph\":[{\"@type\":\"WebPage\",\"@id\":\"https:\/\/www.fibope.pt\/pt-pt\/eu-project-list\/si_innovation_project_2018-2020\/\",\"url\":\"https:\/\/www.fibope.pt\/pt-pt\/eu-project-list\/si_innovation_project_2018-2020\/\",\"name\":\"Project 2018-2020 - Fibope\",\"isPartOf\":{\"@id\":\"https:\/\/www.fibope.pt\/#website\"},\"primaryImageOfPage\":{\"@id\":\"https:\/\/www.fibope.pt\/pt-pt\/eu-project-list\/si_innovation_project_2018-2020\/#primaryimage\"},\"image\":{\"@id\":\"https:\/\/www.fibope.pt\/pt-pt\/eu-project-list\/si_innovation_project_2018-2020\/#primaryimage\"},\"thumbnailUrl\":\"https:\/\/www.fibope.pt\/wp-content\/uploads\/sites\/11\/2023\/09\/FinancedBy_3Logos.png?w=1024\",\"datePublished\":\"2023-09-27T00:51:04+00:00\",\"dateModified\":\"2023-10-03T20:16:14+00:00\",\"breadcrumb\":{\"@id\":\"https:\/\/www.fibope.pt\/pt-pt\/eu-project-list\/si_innovation_project_2018-2020\/#breadcrumb\"},\"inLanguage\":\"pt-PT\",\"potentialAction\":[{\"@type\":\"ReadAction\",\"target\":[\"https:\/\/www.fibope.pt\/pt-pt\/eu-project-list\/si_innovation_project_2018-2020\/\"]}]},{\"@type\":\"ImageObject\",\"inLanguage\":\"pt-PT\",\"@id\":\"https:\/\/www.fibope.pt\/pt-pt\/eu-project-list\/si_innovation_project_2018-2020\/#primaryimage\",\"url\":\"https:\/\/www.fibope.pt\/wp-content\/uploads\/sites\/11\/2023\/09\/FinancedBy_3Logos.png?w=1024\",\"contentUrl\":\"https:\/\/www.fibope.pt\/wp-content\/uploads\/sites\/11\/2023\/09\/FinancedBy_3Logos.png?w=1024\"},{\"@type\":\"BreadcrumbList\",\"@id\":\"https:\/\/www.fibope.pt\/pt-pt\/eu-project-list\/si_innovation_project_2018-2020\/#breadcrumb\",\"itemListElement\":[{\"@type\":\"ListItem\",\"position\":1,\"name\":\"Home\",\"item\":\"https:\/\/www.fibope.pt\/pt-pt\/home\/\"},{\"@type\":\"ListItem\",\"position\":2,\"name\":\"EU Funded Projects\",\"item\":\"https:\/\/www.fibope.pt\/pt-pt\/eu-project-list\/\"},{\"@type\":\"ListItem\",\"position\":3,\"name\":\"Project 2018-2020\"}]},{\"@type\":\"WebSite\",\"@id\":\"https:\/\/www.fibope.pt\/#website\",\"url\":\"https:\/\/www.fibope.pt\/\",\"name\":\"Fibope\",\"description\":\"\",\"publisher\":{\"@id\":\"https:\/\/www.fibope.pt\/#organization\"},\"potentialAction\":[{\"@type\":\"SearchAction\",\"target\":{\"@type\":\"EntryPoint\",\"urlTemplate\":\"https:\/\/www.fibope.pt\/?s={search_term_string}\"},\"query-input\":{\"@type\":\"PropertyValueSpecification\",\"valueRequired\":true,\"valueName\":\"search_term_string\"}}],\"inLanguage\":\"pt-PT\"},{\"@type\":\"Organization\",\"@id\":\"https:\/\/www.fibope.pt\/#organization\",\"name\":\"Fibope\",\"url\":\"https:\/\/www.fibope.pt\/\",\"logo\":{\"@type\":\"ImageObject\",\"inLanguage\":\"pt-PT\",\"@id\":\"https:\/\/www.fibope.pt\/#\/schema\/logo\/image\/\",\"url\":\"https:\/\/www.fibope.pt\/wp-content\/uploads\/sites\/11\/2023\/07\/MainLogo-Fibope-Cropped.jpg\",\"contentUrl\":\"https:\/\/www.fibope.pt\/wp-content\/uploads\/sites\/11\/2023\/07\/MainLogo-Fibope-Cropped.jpg\",\"width\":1070,\"height\":331,\"caption\":\"Fibope\"},\"image\":{\"@id\":\"https:\/\/www.fibope.pt\/#\/schema\/logo\/image\/\"}}]}<\/script>\n<!-- \/ Yoast SEO plugin. -->","yoast_head_json":{"title":"Project 2018-2020 - Fibope","robots":{"index":"index","follow":"follow","max-snippet":"max-snippet:-1","max-image-preview":"max-image-preview:large","max-video-preview":"max-video-preview:-1"},"canonical":"https:\/\/www.fibope.pt\/pt-pt\/eu-project-list\/si_innovation_project_2018-2020\/","og_locale":"pt_PT","og_type":"article","og_title":"Project 2018-2020 - Fibope","og_description":"PROJECTO S. I. INOVA\u00c7\u00c3O \u2013 INOVA\u00c7\u00c3O PRODUTIVA (2018-2020) Cofinanciado por: Designa\u00e7\u00e3o do projeto |\u00a0S. I. INOVA\u00c7\u00c3O &#8211; INOVA\u00c7\u00c3O PRODUTIVAC\u00f3digo do projeto |\u00a0POCI-01-0249-FEDER-033364Objetivo principal |\u00a0AUMENTO DA CAPACIDADE PRODUTIVARegi\u00e3o de interven\u00e7\u00e3o |\u00a0BARQUEIROS \u2013 BARCELOSEntidade benefici\u00e1ria |\u00a0FIBOPE PORTUGUESA \u2013FILMES BIORIENTADOS, S.A.Data de aprova\u00e7\u00e3o |\u00a015-02-2018Data de in\u00edcio |\u00a015-02-2018Data de conclus\u00e3o |\u00a014-02-2020Custo total eleg\u00edvel |\u00a08.243.995,00 EURApoio financeiro da Uni\u00e3o EuropeiaRead more...","og_url":"https:\/\/www.fibope.pt\/pt-pt\/eu-project-list\/si_innovation_project_2018-2020\/","og_site_name":"Fibope","article_modified_time":"2023-10-03T20:16:14+00:00","og_image":[{"url":"https:\/\/www.fibope.pt\/wp-content\/uploads\/sites\/11\/2023\/09\/FinancedBy_3Logos.png?w=1024","type":"","width":"","height":""}],"twitter_card":"summary_large_image","twitter_misc":{"Est. reading time":"2 minutes"},"schema":{"@context":"https:\/\/schema.org","@graph":[{"@type":"WebPage","@id":"https:\/\/www.fibope.pt\/pt-pt\/eu-project-list\/si_innovation_project_2018-2020\/","url":"https:\/\/www.fibope.pt\/pt-pt\/eu-project-list\/si_innovation_project_2018-2020\/","name":"Project 2018-2020 - Fibope","isPartOf":{"@id":"https:\/\/www.fibope.pt\/#website"},"primaryImageOfPage":{"@id":"https:\/\/www.fibope.pt\/pt-pt\/eu-project-list\/si_innovation_project_2018-2020\/#primaryimage"},"image":{"@id":"https:\/\/www.fibope.pt\/pt-pt\/eu-project-list\/si_innovation_project_2018-2020\/#primaryimage"},"thumbnailUrl":"https:\/\/www.fibope.pt\/wp-content\/uploads\/sites\/11\/2023\/09\/FinancedBy_3Logos.png?w=1024","datePublished":"2023-09-27T00:51:04+00:00","dateModified":"2023-10-03T20:16:14+00:00","breadcrumb":{"@id":"https:\/\/www.fibope.pt\/pt-pt\/eu-project-list\/si_innovation_project_2018-2020\/#breadcrumb"},"inLanguage":"pt-PT","potentialAction":[{"@type":"ReadAction","target":["https:\/\/www.fibope.pt\/pt-pt\/eu-project-list\/si_innovation_project_2018-2020\/"]}]},{"@type":"ImageObject","inLanguage":"pt-PT","@id":"https:\/\/www.fibope.pt\/pt-pt\/eu-project-list\/si_innovation_project_2018-2020\/#primaryimage","url":"https:\/\/www.fibope.pt\/wp-content\/uploads\/sites\/11\/2023\/09\/FinancedBy_3Logos.png?w=1024","contentUrl":"https:\/\/www.fibope.pt\/wp-content\/uploads\/sites\/11\/2023\/09\/FinancedBy_3Logos.png?w=1024"},{"@type":"BreadcrumbList","@id":"https:\/\/www.fibope.pt\/pt-pt\/eu-project-list\/si_innovation_project_2018-2020\/#breadcrumb","itemListElement":[{"@type":"ListItem","position":1,"name":"Home","item":"https:\/\/www.fibope.pt\/pt-pt\/home\/"},{"@type":"ListItem","position":2,"name":"EU Funded Projects","item":"https:\/\/www.fibope.pt\/pt-pt\/eu-project-list\/"},{"@type":"ListItem","position":3,"name":"Project 2018-2020"}]},{"@type":"WebSite","@id":"https:\/\/www.fibope.pt\/#website","url":"https:\/\/www.fibope.pt\/","name":"Fibope","description":"","publisher":{"@id":"https:\/\/www.fibope.pt\/#organization"},"potentialAction":[{"@type":"SearchAction","target":{"@type":"EntryPoint","urlTemplate":"https:\/\/www.fibope.pt\/?s={search_term_string}"},"query-input":{"@type":"PropertyValueSpecification","valueRequired":true,"valueName":"search_term_string"}}],"inLanguage":"pt-PT"},{"@type":"Organization","@id":"https:\/\/www.fibope.pt\/#organization","name":"Fibope","url":"https:\/\/www.fibope.pt\/","logo":{"@type":"ImageObject","inLanguage":"pt-PT","@id":"https:\/\/www.fibope.pt\/#\/schema\/logo\/image\/","url":"https:\/\/www.fibope.pt\/wp-content\/uploads\/sites\/11\/2023\/07\/MainLogo-Fibope-Cropped.jpg","contentUrl":"https:\/\/www.fibope.pt\/wp-content\/uploads\/sites\/11\/2023\/07\/MainLogo-Fibope-Cropped.jpg","width":1070,"height":331,"caption":"Fibope"},"image":{"@id":"https:\/\/www.fibope.pt\/#\/schema\/logo\/image\/"}}]}},"jetpack_sharing_enabled":true,"_links":{"self":[{"href":"https:\/\/www.fibope.pt\/pt-pt\/wp-json\/wp\/v2\/pages\/721","targetHints":{"allow":["GET"]}}],"collection":[{"href":"https:\/\/www.fibope.pt\/pt-pt\/wp-json\/wp\/v2\/pages"}],"about":[{"href":"https:\/\/www.fibope.pt\/pt-pt\/wp-json\/wp\/v2\/types\/page"}],"author":[{"embeddable":true,"href":"https:\/\/www.fibope.pt\/pt-pt\/wp-json\/wp\/v2\/users\/11"}],"replies":[{"embeddable":true,"href":"https:\/\/www.fibope.pt\/pt-pt\/wp-json\/wp\/v2\/comments?post=721"}],"version-history":[{"count":1,"href":"https:\/\/www.fibope.pt\/pt-pt\/wp-json\/wp\/v2\/pages\/721\/revisions"}],"predecessor-version":[{"id":723,"href":"https:\/\/www.fibope.pt\/pt-pt\/wp-json\/wp\/v2\/pages\/721\/revisions\/723"}],"up":[{"embeddable":true,"href":"https:\/\/www.fibope.pt\/pt-pt\/wp-json\/wp\/v2\/pages\/700"}],"wp:attachment":[{"href":"https:\/\/www.fibope.pt\/pt-pt\/wp-json\/wp\/v2\/media?parent=721"}],"curies":[{"name":"wp","href":"https:\/\/api.w.org\/{rel}","templated":true}]}}